{"id":8,"date":"2025-05-21T12:06:24","date_gmt":"2025-05-21T10:06:24","guid":{"rendered":"http:\/\/pracazdalna.com.pl\/?page_id=8"},"modified":"2025-08-26T10:47:39","modified_gmt":"2025-08-26T08:47:39","slug":"empowerwp-pro","status":"publish","type":"page","link":"https:\/\/pracazdalna.com.pl\/","title":{"rendered":"APLIKUJ JU\u017b DZI\u015a"},"content":{"rendered":"<div  data-label=\"Content\" data-id=\"content--1\" data-export-id=\"content-12\" data-category=\"content\" class=\"content-12 content-section content-section-spacing content-relative\" id=\"content-1\" style=\"background-color: rgb(255, 255, 255);\"><div  class=\"section-separator-top\">\n    <svg  class=\"section-separator-top\" data-separator-name=\"triangle-asymmetrical-negative\" preserveAspectRatio=\"none\" viewBox=\"0 0 1000 100\" xmlns=\"http:\/\/www.w3.org\/2000\/svg\">\n        <path  class=\"svg-white-bg\" d=\"M737.9,94.7L0,0v100h1000V0L737.9,94.7z\"><\/path>\n    <\/svg>\n<\/div><div  class=\"gridContainer\"> <div  class=\"row text-center\"><div  class=\"section-title-col\" data-type=\"column\"> <h2  class=\"\" style=\"border-bottom-color: rgb(25, 141, 45);\">Praca Zdalna| Tygodni\u00f3wki od 1200 z\u0142 | Umowa, Odpisywanie na czacie<\/h2> <p  class=\"lead\">Je\u017celi szukasz pracy dodatkowej lub sta\u0142ej dobrze trafi\u0142e\u015b\/a\u015b. Praca odbywa si\u0119 w 100% online, nie musisz rezygnowa\u0107 ze swojego dotychczasowego miejsca pracy. Pracujesz dla siebie, bez sztywnych godzin, wszystkiego zale\u017cy od po\u015bwi\u0119conego czasu i zaanga\u017cowania. Prace mo\u017cesz potraktowa\u0107 jako dodatkow\u0105 form\u0119 zarobku, lecz z czasem mo\u017cne ona sta\u0107 si\u0119 g\u0142\u00f3wnym \u017ar\u00f3d\u0142em Twoich dochod\u00f3w.\n<br ><br ><br >\n<img  decoding=\"async\" draggable=\"false\" role=\"img\" class=\"emoji\" alt=\"\ud83d\udccc\" src=\"https:\/\/s.w.org\/images\/core\/emoji\/15.1.0\/svg\/1f4cc.svg\"><span  style=\"font-weight: 700;\">WYMAGANIA:<\/span><br >\n<img  decoding=\"async\" draggable=\"false\" role=\"img\" class=\"emoji\" alt=\"\u2705\" src=\"https:\/\/s.w.org\/images\/core\/emoji\/15.1.0\/svg\/2705.svg\">Obs\u0142uga komputera\/smartfonu w stopniu dobrym;<br >\n<img  decoding=\"async\" draggable=\"false\" role=\"img\" class=\"emoji\" alt=\"\u2705\" src=\"https:\/\/s.w.org\/images\/core\/emoji\/15.1.0\/svg\/2705.svg\">Komputer lub smartfon z dost\u0119pem do internetu;<br >\n<img  decoding=\"async\" draggable=\"false\" role=\"img\" class=\"emoji\" alt=\"\u2705\" src=\"https:\/\/s.w.org\/images\/core\/emoji\/15.1.0\/svg\/2705.svg\">Aktualne zamieszkanie na terenie Polski;<br >\n<img  decoding=\"async\" draggable=\"false\" role=\"img\" class=\"emoji\" alt=\"\u2705\" src=\"https:\/\/s.w.org\/images\/core\/emoji\/15.1.0\/svg\/2705.svg\">Uko\u0144czone 18 lat, wymagane obywatelstwo Polskie ze wzgl\u0119du na charakter pracy.\n<br ><br ><br >\n<img  decoding=\"async\" draggable=\"false\" role=\"img\" class=\"emoji\" alt=\"\ud83d\udccc\" src=\"https:\/\/s.w.org\/images\/core\/emoji\/15.1.0\/svg\/1f4cc.svg\"><span  style=\"font-weight: 700;\">Pracuj\u0105c z Nami:<\/span><br >\n<img  decoding=\"async\" draggable=\"false\" role=\"img\" class=\"emoji\" alt=\"\u2705\" src=\"https:\/\/s.w.org\/images\/core\/emoji\/15.1.0\/svg\/2705.svg\">Praca pe\u0142na wyzwa\u0144 w m\u0142odym energicznym zespole;<br >\n<img  decoding=\"async\" draggable=\"false\" role=\"img\" class=\"emoji\" alt=\"\u2705\" src=\"https:\/\/s.w.org\/images\/core\/emoji\/15.1.0\/svg\/2705.svg\">Umowa, wyp\u0142ata na konto;<br >\n<img  decoding=\"async\" draggable=\"false\" role=\"img\" class=\"emoji\" alt=\"\u2705\" src=\"https:\/\/s.w.org\/images\/core\/emoji\/15.1.0\/svg\/2705.svg\">Stabilno\u015b\u0107 wsp\u00f3\u0142pracy,<br >\n<img  decoding=\"async\" draggable=\"false\" role=\"img\" class=\"emoji\" alt=\"\u2705\" src=\"https:\/\/s.w.org\/images\/core\/emoji\/15.1.0\/svg\/2705.svg\">Wysokie wynagrodzenie w zale\u017cno\u015bci od wynik\u00f3w ( <span  style=\"font-weight: 700;\">4500 PLN \u2013 12 000 PLN<\/span> );<br >\n<img  decoding=\"async\" draggable=\"false\" role=\"img\" class=\"emoji\" alt=\"\u2705\" src=\"https:\/\/s.w.org\/images\/core\/emoji\/15.1.0\/svg\/2705.svg\">Mo\u017cliwo\u015b\u0107 wyboru pracy jako sta\u0142\u0105 lub dodatkow\u0105;<br >\n<img  decoding=\"async\" draggable=\"false\" role=\"img\" class=\"emoji\" alt=\"\u2705\" src=\"https:\/\/s.w.org\/images\/core\/emoji\/15.1.0\/svg\/2705.svg\"><span  style=\"font-weight: 700;\">Do\u015bwiadczenie nie jest wymagane, <span  style=\"font-weight: 300;\">wolimy Ciebie wyszkoli\u0107.\n<\/span><\/span><br ><br ><br >\n<img  decoding=\"async\" draggable=\"false\" role=\"img\" class=\"emoji\" alt=\"\ud83d\udccc\" src=\"https:\/\/s.w.org\/images\/core\/emoji\/15.1.0\/svg\/1f4cc.svg\"><span  style=\"font-weight: 700;\">Dodatkowe informacje:<\/span><br >\n<img  decoding=\"async\" draggable=\"false\" role=\"img\" class=\"emoji\" alt=\"\u2705\" src=\"https:\/\/s.w.org\/images\/core\/emoji\/15.1.0\/svg\/2705.svg\"> Praca odbywa si\u0119<span  style=\"font-weight: 700;\"> 100% ZDALNIE<\/span><br >\n<img  decoding=\"async\" draggable=\"false\" role=\"img\" class=\"emoji\" alt=\"\u2705\" src=\"https:\/\/s.w.org\/images\/core\/emoji\/15.1.0\/svg\/2705.svg\"> Mo\u017cesz traktowa\u0107 moj\u0105 ofert\u0119, jako dodatkowe \u017ar\u00f3d\u0142o dochodu do Twojego etatu lub te\u017c docelowo traktowa\u0107 jako sta\u0142e \u017ar\u00f3d\u0142o dochodu;<br >\n<img  decoding=\"async\" draggable=\"false\" role=\"img\" class=\"emoji\" alt=\"\u2705\" src=\"https:\/\/s.w.org\/images\/core\/emoji\/15.1.0\/svg\/2705.svg\"> W przypadku traktowania tej pracy jako dodatkow\u0105 wystarczy zaanga\u017cowanie 2-3 godziny dziennie.<br >\nJak rozpocz\u0105\u0107 wsp\u00f3\u0142prac\u0119?<br >\nIlo\u015b\u0107 miejsc ograniczona, natomiast je\u015bli og\u0142oszenie jest widoczne to znaczy, \u017ce s\u0105 jeszcze wolne miejsca. <a  data-mce-href=\"https:\/\/api.whatsapp.com\/send\/?phone=692661445&amp;text&amp;type=phone_number&amp;app_absent=0\" href=\"https:\/\/api.whatsapp.com\/send?phone=692661445&amp;text=undefined&amp;type=phone_number&amp;app_absent=0\" target=\"_blank\" rel=\"noopener\" data-mce-selected=\"inline-boundary\" data-cp-link=\"1\" class=\"\"><span  style=\"font-weight: 700;\">APLIKUJ JU\u017b TERAZ\n<\/span><\/a><br ><br ><br >\n<img  decoding=\"async\" draggable=\"false\" role=\"img\" class=\"emoji\" alt=\"\ud83c\udfaf\" src=\"https:\/\/s.w.org\/images\/core\/emoji\/15.1.0\/svg\/1f3af.svg\"> <span  style=\"font-weight: 700;\">Dla kogo jest ta praca?<\/span><br >\n<img  decoding=\"async\" draggable=\"false\" role=\"img\" class=\"emoji\" alt=\"\u2705\" src=\"https:\/\/s.w.org\/images\/core\/emoji\/15.1.0\/svg\/2705.svg\"> Dla student\u00f3w \u2013 elastyczne godziny pracy, kt\u00f3re mo\u017cesz pogodzi\u0107 ze studiami.<br >\n<img  decoding=\"async\" draggable=\"false\" role=\"img\" class=\"emoji\" alt=\"\u2705\" src=\"https:\/\/s.w.org\/images\/core\/emoji\/15.1.0\/svg\/2705.svg\"> Dla os\u00f3b na etacie \u2013 dodatkowy doch\u00f3d bez konieczno\u015bci rezygnacji z obecnej pracy.<br >\n<img  decoding=\"async\" draggable=\"false\" role=\"img\" class=\"emoji\" alt=\"\u2705\" src=\"https:\/\/s.w.org\/images\/core\/emoji\/15.1.0\/svg\/2705.svg\"> Dla ka\u017cdego, kto chce dorobi\u0107 \u2013 bez znaczenia, czy masz ju\u017c do\u015bwiadczenie, czy dopiero zaczynasz.<br >\nNie wymagamy \u017cadnych specjalnych umiej\u0119tno\u015bci, a wszystko dok\u0142adnie wyja\u015bniamy podczas szkolenia.\n<br ><br ><br >\n<img  decoding=\"async\" draggable=\"false\" role=\"img\" class=\"emoji\" alt=\"\ud83c\udfc6\" src=\"https:\/\/s.w.org\/images\/core\/emoji\/15.1.0\/svg\/1f3c6.svg\"><span  style=\"font-weight: 700;\"> Dlaczego warto?<\/span><br >\n<img  decoding=\"async\" draggable=\"false\" role=\"img\" class=\"emoji\" alt=\"\ud83d\udd39\" src=\"https:\/\/s.w.org\/images\/core\/emoji\/15.1.0\/svg\/1f539.svg\"> Brak zobowi\u0105za\u0144 \u2013 sam decydujesz, kiedy i ile pracujesz.<br >\n<img  decoding=\"async\" draggable=\"false\" role=\"img\" class=\"emoji\" alt=\"\ud83d\udd39\" src=\"https:\/\/s.w.org\/images\/core\/emoji\/15.1.0\/svg\/1f539.svg\"> Praca 100% zdalna \u2013 mo\u017cesz wykonywa\u0107 j\u0105 z dowolnego miejsca.<br >\n<img  decoding=\"async\" draggable=\"false\" role=\"img\" class=\"emoji\" alt=\"\ud83d\udd39\" src=\"https:\/\/s.w.org\/images\/core\/emoji\/15.1.0\/svg\/1f539.svg\"> Regularne wyp\u0142aty co tydzie\u0144 \u2013 nie musisz czeka\u0107 do ko\u0144ca miesi\u0105ca na pieni\u0105dze.<br >\n<img  decoding=\"async\" draggable=\"false\" role=\"img\" class=\"emoji\" alt=\"\ud83d\udd39\" src=\"https:\/\/s.w.org\/images\/core\/emoji\/15.1.0\/svg\/1f539.svg\"> Prosty system pracy \u2013 dostajesz gotowe materia\u0142y i instrukcje.<br >\n<img  decoding=\"async\" draggable=\"false\" role=\"img\" class=\"emoji\" alt=\"\ud83d\udd39\" src=\"https:\/\/s.w.org\/images\/core\/emoji\/15.1.0\/svg\/1f539.svg\"> <span  style=\"font-weight: 700;\">ATRAKCYJNE ZAROBKI \u2013 TYGODNI\u00d3WKI !!!<\/span><\/p><\/div> <\/div> <div  class=\"row center-xs middle-xs\"> <div  class=\"col-sm-9\" data-type=\"column\"> <\/div> <\/div><\/div> <\/div><div  data-label=\"Pricing\" data-id=\"pricing--1\" data-export-id=\"pricing-7\" data-category=\"pricing\" class=\"pricing-7 content-section content-section-spacing bg-color1 section-title-col-dark-text content-relative\" data-featured-class=\"pricing-featured\" id=\"pricing-1\" style=\"background-image: none; background-color: rgb(255, 255, 255);\"><div  class=\"gridContainer\"> <div  class=\"row\"><div  data-type=\"column\" class=\"section-title-col\"> <h2  class=\"\" style=\"border-bottom-color: rgb(25, 141, 45);\">Tygodni\u00f3wki pocz\u0105tkuj\u0105cych os\u00f3b<\/h2> <\/div> <\/div> <div  data-type=\"row\" class=\"row spaced-cols\"> <div  class=\"col-xs-12 col-sm-4 text-center\"> <div  class=\"card shadow-medium rounded\" data-type=\"column\">     <img  decoding=\"async\" class=\"custom-image\" src=\"http:\/\/pracazdalna.com.pl\/wp-content\/uploads\/2025\/05\/cropped-cropped-konto2.jpg\" title=\"cropped-cropped-konto2.jpg\" alt=\"\"><\/div> <\/div> <div  class=\"col-xs-12 col-sm-4 text-center pricing-featured\"> <div  class=\"card shadow-medium rounded\" data-type=\"column\">     <img  decoding=\"async\" class=\"custom-image\" src=\"http:\/\/pracazdalna.com.pl\/wp-content\/uploads\/2025\/05\/cropped-cropped-cropped-konto1.jpg\" title=\"cropped-cropped-cropped-konto1.jpg\" alt=\"\"><\/div> <\/div> <div  class=\"col-xs-12 col-sm-4 text-center\"> <div  class=\"card shadow-medium rounded\" data-type=\"column\">     <img  decoding=\"async\" class=\"custom-image\" src=\"http:\/\/pracazdalna.com.pl\/wp-content\/uploads\/2025\/05\/konto4.jpg\" title=\"konto4\" alt=\"\"><\/div> <\/div><\/div> <\/div><div  class=\"section-separator-bottom\">\n    <svg  class=\"section-separator-bottom\" data-separator-name=\"triangle-asymmetrical-negative\" preserveAspectRatio=\"none\" viewBox=\"0 0 1000 100\" xmlns=\"http:\/\/www.w3.org\/2000\/svg\">\n        <path  class=\"svg-white-bg\" d=\"M737.9,94.7L0,0v100h1000V0L737.9,94.7z\"><\/path>\n    <\/svg>\n<\/div><\/div><div  data-label=\"Content\" data-id=\"content--2\" data-export-id=\"content-12\" data-category=\"content\" class=\"content-12 content-section content-section-spacing white-text\" id=\"content-2\" style=\"background-color: rgb(52, 58, 64); background-image: none;\"><div  class=\"gridContainer\"> <div  class=\"row text-center\"><div  class=\"section-title-col\" data-type=\"column\"> <h2  class=\"\" style=\"border-bottom-color: rgb(25, 141, 45);\">Zapraszam do wsp\u00f3\u0142pracy<\/h2> <p  class=\"lead\">Ze wzgl\u0119du na du\u017c\u0105 liczb\u0119 wiadomo\u015bci, najlepiej<br >\nkontynuowa\u0107 rozmow\u0119 na WhatsApp, gdzie mog\u0119 dok\u0142adniej<br >\nom\u00f3wi\u0107 szczeg\u00f3\u0142y za pomoc\u0105 wiadomo\u015bci g\u0142osowych.<br >\nTo nasze g\u0142\u00f3wne narz\u0119dzie rekrutacji i komunikacji z<br >\nzespo\u0142em.<br >\nNapisz na WhatsApp: <span  style=\"font-weight: 700;\">666 419 255<\/span>\u2013 odpowiem i przedstawi\u0119<br >\nofert\u0119.<br >\nPozdrawiam, Nikola<\/p><\/div> <\/div> <div  class=\"row center-xs middle-xs\"> <div  class=\"col-sm-9\" data-type=\"column\"><a  class=\"button big color7 white-text\" href=\"https:\/\/api.whatsapp.com\/send?phone=668935265&amp;text=undefined&amp;type=phone_number&amp;app_absent=0\" target=\"_blank\" data-cp-link=\"1\" data-icon=\"fa-whatsapp\"><span class=\"button-icon fa fa-whatsapp\" ><\/span>Napisz na Whatsapp<\/a> <\/div> <\/div><\/div> <\/div>","protected":false},"excerpt":{"rendered":"<p>Praca Zdalna| Tygodni\u00f3wki od 1200 z\u0142 | Umowa, Odpisywanie na czacie Je\u017celi szukasz pracy dodatkowej lub sta\u0142ej dobrze trafi\u0142e\u015b\/a\u015b. Praca odbywa si\u0119 w 100% online, nie musisz rezygnowa\u0107 ze swojego dotychczasowego miejsca pracy. Pracujesz dla siebie, bez sztywnych godzin, wszystkiego zale\u017cy od po\u015bwi\u0119conego czasu i zaanga\u017cowania. Prace mo\u017cesz potraktowa\u0107 jako dodatkow\u0105 form\u0119 zarobku, lecz z&hellip; <br \/> <a class=\"read-more\" href=\"https:\/\/pracazdalna.com.pl\/\">Read more<\/a><\/p>\n","protected":false},"author":1,"featured_media":0,"parent":0,"menu_order":0,"comment_status":"closed","ping_status":"closed","template":"page-templates\/homepage.php","meta":{"footnotes":""},"class_list":["post-8","page","type-page","status-publish","hentry"],"yoast_head":"<!-- This site is optimized with the Yoast SEO plugin v25.1 - https:\/\/yoast.com\/wordpress\/plugins\/seo\/ -->\n<title>APLIKUJ JU\u017b DZI\u015a - Praca zdalna<\/title>\n<meta name=\"robots\" content=\"index, follow, max-snippet:-1, max-image-preview:large, max-video-preview:-1\" \/>\n<link rel=\"canonical\" href=\"https:\/\/pracazdalna.com.pl\/\" \/>\n<meta property=\"og:locale\" content=\"en_US\" \/>\n<meta property=\"og:type\" content=\"article\" \/>\n<meta property=\"og:title\" content=\"APLIKUJ JU\u017b DZI\u015a - Praca zdalna\" \/>\n<meta property=\"og:description\" content=\"Praca Zdalna| Tygodni\u00f3wki od 1200 z\u0142 | Umowa, Odpisywanie na czacie Je\u017celi szukasz pracy dodatkowej lub sta\u0142ej dobrze trafi\u0142e\u015b\/a\u015b. Praca odbywa si\u0119 w 100% online, nie musisz rezygnowa\u0107 ze swojego dotychczasowego miejsca pracy. Pracujesz dla siebie, bez sztywnych godzin, wszystkiego zale\u017cy od po\u015bwi\u0119conego czasu i zaanga\u017cowania. Prace mo\u017cesz potraktowa\u0107 jako dodatkow\u0105 form\u0119 zarobku, lecz z&hellip; Read more\" \/>\n<meta property=\"og:url\" content=\"https:\/\/pracazdalna.com.pl\/\" \/>\n<meta property=\"og:site_name\" content=\"Praca zdalna\" \/>\n<meta property=\"article:publisher\" content=\"https:\/\/www.facebook.com\/profile.php?id=61576918403175\" \/>\n<meta property=\"article:modified_time\" content=\"2025-08-26T08:47:39+00:00\" \/>\n<meta property=\"og:image\" content=\"https:\/\/s.w.org\/images\/core\/emoji\/15.1.0\/svg\/1f4cc.svg\" \/>\n<meta name=\"twitter:card\" content=\"summary_large_image\" \/>\n<meta name=\"twitter:label1\" content=\"Est. reading time\" \/>\n\t<meta name=\"twitter:data1\" content=\"2 minutes\" \/>\n<script type=\"application\/ld+json\" class=\"yoast-schema-graph\">{\"@context\":\"https:\/\/schema.org\",\"@graph\":[{\"@type\":\"WebPage\",\"@id\":\"https:\/\/pracazdalna.com.pl\/\",\"url\":\"https:\/\/pracazdalna.com.pl\/\",\"name\":\"APLIKUJ JU\u017b DZI\u015a - Praca zdalna\",\"isPartOf\":{\"@id\":\"https:\/\/pracazdalna.com.pl\/#website\"},\"primaryImageOfPage\":{\"@id\":\"https:\/\/pracazdalna.com.pl\/#primaryimage\"},\"image\":{\"@id\":\"https:\/\/pracazdalna.com.pl\/#primaryimage\"},\"thumbnailUrl\":\"https:\/\/s.w.org\/images\/core\/emoji\/15.1.0\/svg\/1f4cc.svg\",\"datePublished\":\"2025-05-21T10:06:24+00:00\",\"dateModified\":\"2025-08-26T08:47:39+00:00\",\"breadcrumb\":{\"@id\":\"https:\/\/pracazdalna.com.pl\/#breadcrumb\"},\"inLanguage\":\"en-US\",\"potentialAction\":[{\"@type\":\"ReadAction\",\"target\":[\"https:\/\/pracazdalna.com.pl\/\"]}]},{\"@type\":\"ImageObject\",\"inLanguage\":\"en-US\",\"@id\":\"https:\/\/pracazdalna.com.pl\/#primaryimage\",\"url\":\"https:\/\/s.w.org\/images\/core\/emoji\/15.1.0\/svg\/1f4cc.svg\",\"contentUrl\":\"https:\/\/s.w.org\/images\/core\/emoji\/15.1.0\/svg\/1f4cc.svg\"},{\"@type\":\"BreadcrumbList\",\"@id\":\"https:\/\/pracazdalna.com.pl\/#breadcrumb\",\"itemListElement\":[{\"@type\":\"ListItem\",\"position\":1,\"name\":\"Strona g\u0142\u00f3wna\",\"item\":\"https:\/\/pracazdalna.com.pl\/\"},{\"@type\":\"ListItem\",\"position\":2,\"name\":\"APLIKUJ JU\u017b DZI\u015a\"}]},{\"@type\":\"WebSite\",\"@id\":\"https:\/\/pracazdalna.com.pl\/#website\",\"url\":\"https:\/\/pracazdalna.com.pl\/\",\"name\":\"Praca zdalna\",\"description\":\"\",\"publisher\":{\"@id\":\"https:\/\/pracazdalna.com.pl\/#organization\"},\"potentialAction\":[{\"@type\":\"SearchAction\",\"target\":{\"@type\":\"EntryPoint\",\"urlTemplate\":\"https:\/\/pracazdalna.com.pl\/?s={search_term_string}\"},\"query-input\":{\"@type\":\"PropertyValueSpecification\",\"valueRequired\":true,\"valueName\":\"search_term_string\"}}],\"inLanguage\":\"en-US\"},{\"@type\":\"Organization\",\"@id\":\"https:\/\/pracazdalna.com.pl\/#organization\",\"name\":\"Praca zdalna\",\"url\":\"https:\/\/pracazdalna.com.pl\/\",\"logo\":{\"@type\":\"ImageObject\",\"inLanguage\":\"en-US\",\"@id\":\"https:\/\/pracazdalna.com.pl\/#\/schema\/logo\/image\/\",\"url\":\"http:\/\/pracazdalna.com.pl\/wp-content\/uploads\/2025\/05\/cropped-whatsapp-logo-png_seeklogo-168310.png\",\"contentUrl\":\"http:\/\/pracazdalna.com.pl\/wp-content\/uploads\/2025\/05\/cropped-whatsapp-logo-png_seeklogo-168310.png\",\"width\":512,\"height\":512,\"caption\":\"Praca zdalna\"},\"image\":{\"@id\":\"https:\/\/pracazdalna.com.pl\/#\/schema\/logo\/image\/\"},\"sameAs\":[\"https:\/\/www.facebook.com\/profile.php?id=61576918403175\"]}]}<\/script>\n<!-- \/ Yoast SEO plugin. -->","yoast_head_json":{"title":"APLIKUJ JU\u017b DZI\u015a - Praca zdalna","robots":{"index":"index","follow":"follow","max-snippet":"max-snippet:-1","max-image-preview":"max-image-preview:large","max-video-preview":"max-video-preview:-1"},"canonical":"https:\/\/pracazdalna.com.pl\/","og_locale":"en_US","og_type":"article","og_title":"APLIKUJ JU\u017b DZI\u015a - Praca zdalna","og_description":"Praca Zdalna| Tygodni\u00f3wki od 1200 z\u0142 | Umowa, Odpisywanie na czacie Je\u017celi szukasz pracy dodatkowej lub sta\u0142ej dobrze trafi\u0142e\u015b\/a\u015b. Praca odbywa si\u0119 w 100% online, nie musisz rezygnowa\u0107 ze swojego dotychczasowego miejsca pracy. Pracujesz dla siebie, bez sztywnych godzin, wszystkiego zale\u017cy od po\u015bwi\u0119conego czasu i zaanga\u017cowania. Prace mo\u017cesz potraktowa\u0107 jako dodatkow\u0105 form\u0119 zarobku, lecz z&hellip; Read more","og_url":"https:\/\/pracazdalna.com.pl\/","og_site_name":"Praca zdalna","article_publisher":"https:\/\/www.facebook.com\/profile.php?id=61576918403175","article_modified_time":"2025-08-26T08:47:39+00:00","og_image":[{"url":"https:\/\/s.w.org\/images\/core\/emoji\/15.1.0\/svg\/1f4cc.svg","type":"","width":"","height":""}],"twitter_card":"summary_large_image","twitter_misc":{"Est. reading time":"2 minutes"},"schema":{"@context":"https:\/\/schema.org","@graph":[{"@type":"WebPage","@id":"https:\/\/pracazdalna.com.pl\/","url":"https:\/\/pracazdalna.com.pl\/","name":"APLIKUJ JU\u017b DZI\u015a - Praca zdalna","isPartOf":{"@id":"https:\/\/pracazdalna.com.pl\/#website"},"primaryImageOfPage":{"@id":"https:\/\/pracazdalna.com.pl\/#primaryimage"},"image":{"@id":"https:\/\/pracazdalna.com.pl\/#primaryimage"},"thumbnailUrl":"https:\/\/s.w.org\/images\/core\/emoji\/15.1.0\/svg\/1f4cc.svg","datePublished":"2025-05-21T10:06:24+00:00","dateModified":"2025-08-26T08:47:39+00:00","breadcrumb":{"@id":"https:\/\/pracazdalna.com.pl\/#breadcrumb"},"inLanguage":"en-US","potentialAction":[{"@type":"ReadAction","target":["https:\/\/pracazdalna.com.pl\/"]}]},{"@type":"ImageObject","inLanguage":"en-US","@id":"https:\/\/pracazdalna.com.pl\/#primaryimage","url":"https:\/\/s.w.org\/images\/core\/emoji\/15.1.0\/svg\/1f4cc.svg","contentUrl":"https:\/\/s.w.org\/images\/core\/emoji\/15.1.0\/svg\/1f4cc.svg"},{"@type":"BreadcrumbList","@id":"https:\/\/pracazdalna.com.pl\/#breadcrumb","itemListElement":[{"@type":"ListItem","position":1,"name":"Strona g\u0142\u00f3wna","item":"https:\/\/pracazdalna.com.pl\/"},{"@type":"ListItem","position":2,"name":"APLIKUJ JU\u017b DZI\u015a"}]},{"@type":"WebSite","@id":"https:\/\/pracazdalna.com.pl\/#website","url":"https:\/\/pracazdalna.com.pl\/","name":"Praca zdalna","description":"","publisher":{"@id":"https:\/\/pracazdalna.com.pl\/#organization"},"potentialAction":[{"@type":"SearchAction","target":{"@type":"EntryPoint","urlTemplate":"https:\/\/pracazdalna.com.pl\/?s={search_term_string}"},"query-input":{"@type":"PropertyValueSpecification","valueRequired":true,"valueName":"search_term_string"}}],"inLanguage":"en-US"},{"@type":"Organization","@id":"https:\/\/pracazdalna.com.pl\/#organization","name":"Praca zdalna","url":"https:\/\/pracazdalna.com.pl\/","logo":{"@type":"ImageObject","inLanguage":"en-US","@id":"https:\/\/pracazdalna.com.pl\/#\/schema\/logo\/image\/","url":"http:\/\/pracazdalna.com.pl\/wp-content\/uploads\/2025\/05\/cropped-whatsapp-logo-png_seeklogo-168310.png","contentUrl":"http:\/\/pracazdalna.com.pl\/wp-content\/uploads\/2025\/05\/cropped-whatsapp-logo-png_seeklogo-168310.png","width":512,"height":512,"caption":"Praca zdalna"},"image":{"@id":"https:\/\/pracazdalna.com.pl\/#\/schema\/logo\/image\/"},"sameAs":["https:\/\/www.facebook.com\/profile.php?id=61576918403175"]}]}},"_links":{"self":[{"href":"https:\/\/pracazdalna.com.pl\/index.php?rest_route=\/wp\/v2\/pages\/8","targetHints":{"allow":["GET"]}}],"collection":[{"href":"https:\/\/pracazdalna.com.pl\/index.php?rest_route=\/wp\/v2\/pages"}],"about":[{"href":"https:\/\/pracazdalna.com.pl\/index.php?rest_route=\/wp\/v2\/types\/page"}],"author":[{"embeddable":true,"href":"https:\/\/pracazdalna.com.pl\/index.php?rest_route=\/wp\/v2\/users\/1"}],"replies":[{"embeddable":true,"href":"https:\/\/pracazdalna.com.pl\/index.php?rest_route=%2Fwp%2Fv2%2Fcomments&post=8"}],"version-history":[{"count":32,"href":"https:\/\/pracazdalna.com.pl\/index.php?rest_route=\/wp\/v2\/pages\/8\/revisions"}],"predecessor-version":[{"id":111,"href":"https:\/\/pracazdalna.com.pl\/index.php?rest_route=\/wp\/v2\/pages\/8\/revisions\/111"}],"wp:attachment":[{"href":"https:\/\/pracazdalna.com.pl\/index.php?rest_route=%2Fwp%2Fv2%2Fmedia&parent=8"}],"curies":[{"name":"wp","href":"https:\/\/api.w.org\/{rel}","templated":true}]}}